{"id":4123,"date":"2022-09-13T17:01:46","date_gmt":"2022-09-13T17:01:46","guid":{"rendered":"https:\/\/dagwoods.ca\/service-de-traiteur\/"},"modified":"2024-01-27T02:22:11","modified_gmt":"2024-01-27T02:22:11","slug":"service-de-traiteur","status":"publish","type":"page","link":"https:\/\/dagwoods.ca\/fr\/service-de-traiteur\/","title":{"rendered":"SERVICE DE TRAITEUR"},"content":{"rendered":"\t\t<div data-elementor-type=\"wp-page\" data-elementor-id=\"4123\" class=\"elementor elementor-4123 elementor-3150\" data-elementor-post-type=\"page\">\n\t\t\t\t\t\t<section class=\"elementor-section elementor-top-section elementor-element elementor-element-2fccdaaa elementor-section-boxed elementor-section-height-default elementor-section-height-default\" data-id=\"2fccdaaa\" data-element_type=\"section\" data-e-type=\"section\">\n\t\t\t\t\t\t<div class=\"elementor-container elementor-column-gap-default\">\n\t\t\t\t\t<div class=\"elementor-column elementor-col-50 elementor-top-column elementor-element elementor-element-5d6c02a2\" data-id=\"5d6c02a2\" data-element_type=\"column\" data-e-type=\"column\">\n\t\t\t<div class=\"elementor-widget-wrap elementor-element-populated\">\n\t\t\t\t\t\t<div class=\"elementor-element elementor-element-19e6ddf elementor-widget elementor-widget-heading\" data-id=\"19e6ddf\" data-element_type=\"widget\" data-e-type=\"widget\" data-widget_type=\"heading.default\">\n\t\t\t\t<div class=\"elementor-widget-container\">\n\t\t\t\t\t<h2 class=\"elementor-heading-title elementor-size-default\">Service de traiteur Dagwoods\n<\/h2>\t\t\t\t<\/div>\n\t\t\t\t<\/div>\n\t\t\t\t<div class=\"elementor-element elementor-element-fdbf299 elementor-widget elementor-widget-text-editor\" data-id=\"fdbf299\" data-element_type=\"widget\" data-e-type=\"widget\" data-widget_type=\"text-editor.default\">\n\t\t\t\t<div class=\"elementor-widget-container\">\n\t\t\t\t\t\t\t\t\t<p><strong>On vous a port\u00e9 \u00ab\u00a0volontaire\u00a0\u00bb pour organiser une petite rencontre? Rien de plus facile!<\/strong> Que ce soit pour une r\u00e9union de bureau, un \u00e9v\u00e9nement sportif ou une c\u00e9l\u00e9bration en famille, notre <a href=\"https:\/\/dagwoodscatering.order-online.ai\/#\/\">service de traiteur<\/a> vous propose un splendide menu de sandwichs, de salades et de desserts. Passez votre <a href=\"https:\/\/dagwoodscatering.order-online.ai\/#\/\">commande en ligne<\/a>! C\u2019est simple et rapide, et \u00e7a vous laisse du temps pour relaxer\u2026\u00a0<\/p>\t\t\t\t\t\t\t\t<\/div>\n\t\t\t\t<\/div>\n\t\t\t\t<div class=\"elementor-element elementor-element-290eb39 elementor-align-justify elementor-widget elementor-widget-button\" data-id=\"290eb39\" data-element_type=\"widget\" data-e-type=\"widget\" data-widget_type=\"button.default\">\n\t\t\t\t<div class=\"elementor-widget-container\">\n\t\t\t\t\t\t\t\t\t<div class=\"elementor-button-wrapper\">\n\t\t\t\t\t<a class=\"elementor-button elementor-button-link elementor-size-xl\" href=\"\/fr\/catering-options\/\">\n\t\t\t\t\t\t<span class=\"elementor-button-content-wrapper\">\n\t\t\t\t\t\t\t\t\t<span class=\"elementor-button-text\">SERVICE DE TRAITEUR<\/span>\n\t\t\t\t\t<\/span>\n\t\t\t\t\t<\/a>\n\t\t\t\t<\/div>\n\t\t\t\t\t\t\t\t<\/div>\n\t\t\t\t<\/div>\n\t\t\t\t\t<\/div>\n\t\t<\/div>\n\t\t\t\t<div class=\"elementor-column elementor-col-50 elementor-top-column elementor-element elementor-element-1a77203\" data-id=\"1a77203\" data-element_type=\"column\" data-e-type=\"column\">\n\t\t\t<div class=\"elementor-widget-wrap elementor-element-populated\">\n\t\t\t\t\t\t<div class=\"elementor-element elementor-element-f786a0e elementor-widget elementor-widget-image\" data-id=\"f786a0e\" data-element_type=\"widget\" data-e-type=\"widget\" data-widget_type=\"image.default\">\n\t\t\t\t<div class=\"elementor-widget-container\">\n\t\t\t\t\t\t\t\t\t\t\t\t\t\t\t<img fetchpriority=\"high\" decoding=\"async\" width=\"1700\" height=\"2533\" src=\"https:\/\/dagwoods.ca\/wp-content\/uploads\/2023\/11\/dags-catering-vertical.webp\" class=\"attachment-full size-full wp-image-11787\" alt=\"\" srcset=\"https:\/\/dagwoods.ca\/wp-content\/uploads\/2023\/11\/dags-catering-vertical.webp 1700w, https:\/\/dagwoods.ca\/wp-content\/uploads\/2023\/11\/dags-catering-vertical-201x300.webp 201w, https:\/\/dagwoods.ca\/wp-content\/uploads\/2023\/11\/dags-catering-vertical-687x1024.webp 687w, https:\/\/dagwoods.ca\/wp-content\/uploads\/2023\/11\/dags-catering-vertical-768x1144.webp 768w, https:\/\/dagwoods.ca\/wp-content\/uploads\/2023\/11\/dags-catering-vertical-1031x1536.webp 1031w, https:\/\/dagwoods.ca\/wp-content\/uploads\/2023\/11\/dags-catering-vertical-1374x2048.webp 1374w\" sizes=\"(max-width: 1700px) 100vw, 1700px\" \/>\t\t\t\t\t\t\t\t\t\t\t\t\t\t\t<\/div>\n\t\t\t\t<\/div>\n\t\t\t\t\t<\/div>\n\t\t<\/div>\n\t\t\t\t\t<\/div>\n\t\t<\/section>\n\t\t\t\t<section class=\"elementor-section elementor-top-section elementor-element elementor-element-237271d elementor-section-boxed elementor-section-height-default elementor-section-height-default\" data-id=\"237271d\" data-element_type=\"section\" data-e-type=\"section\">\n\t\t\t\t\t\t<div class=\"elementor-container elementor-column-gap-default\">\n\t\t\t\t\t<div class=\"elementor-column elementor-col-50 elementor-top-column elementor-element elementor-element-8f147a7\" data-id=\"8f147a7\" data-element_type=\"column\" data-e-type=\"column\">\n\t\t\t<div class=\"elementor-widget-wrap elementor-element-populated\">\n\t\t\t\t\t\t<div class=\"elementor-element elementor-element-c9e706c elementor-widget elementor-widget-image\" data-id=\"c9e706c\" data-element_type=\"widget\" data-e-type=\"widget\" data-widget_type=\"image.default\">\n\t\t\t\t<div class=\"elementor-widget-container\">\n\t\t\t\t\t\t\t\t\t\t\t\t\t\t\t<img decoding=\"async\" width=\"1080\" height=\"1080\" data-src=\"https:\/\/dagwoods.ca\/wp-content\/uploads\/2023\/11\/Dags_1080x1080_menu-image-large-sandwich_approved.jpg\" class=\"attachment-full size-full wp-image-11929 lazyload\" alt=\"\" data-srcset=\"https:\/\/dagwoods.ca\/wp-content\/uploads\/2023\/11\/Dags_1080x1080_menu-image-large-sandwich_approved.jpg 1080w, https:\/\/dagwoods.ca\/wp-content\/uploads\/2023\/11\/Dags_1080x1080_menu-image-large-sandwich_approved-300x300.jpg 300w, https:\/\/dagwoods.ca\/wp-content\/uploads\/2023\/11\/Dags_1080x1080_menu-image-large-sandwich_approved-1024x1024.jpg 1024w, https:\/\/dagwoods.ca\/wp-content\/uploads\/2023\/11\/Dags_1080x1080_menu-image-large-sandwich_approved-150x150.jpg 150w, https:\/\/dagwoods.ca\/wp-content\/uploads\/2023\/11\/Dags_1080x1080_menu-image-large-sandwich_approved-768x768.jpg 768w\" data-sizes=\"(max-width: 1080px) 100vw, 1080px\" src=\"data:image\/svg+xml;base64,PHN2ZyB3aWR0aD0iMSIgaGVpZ2h0PSIxIiB4bWxucz0iaHR0cDovL3d3dy53My5vcmcvMjAwMC9zdmciPjwvc3ZnPg==\" style=\"--smush-placeholder-width: 1080px; --smush-placeholder-aspect-ratio: 1080\/1080;\" \/>\t\t\t\t\t\t\t\t\t\t\t\t\t\t\t<\/div>\n\t\t\t\t<\/div>\n\t\t\t\t\t<\/div>\n\t\t<\/div>\n\t\t\t\t<div class=\"elementor-column elementor-col-50 elementor-top-column elementor-element elementor-element-92922ba\" data-id=\"92922ba\" data-element_type=\"column\" data-e-type=\"column\">\n\t\t\t<div class=\"elementor-widget-wrap elementor-element-populated\">\n\t\t\t\t\t\t<div class=\"elementor-element elementor-element-b646d5d elementor-widget elementor-widget-heading\" data-id=\"b646d5d\" data-element_type=\"widget\" data-e-type=\"widget\" data-widget_type=\"heading.default\">\n\t\t\t\t<div class=\"elementor-widget-container\">\n\t\t\t\t\t<h2 class=\"elementor-heading-title elementor-size-default\">NOUVELLE OPTION TRAITEUR\nBO\u00ceTE \u00c0 LUNCH\n<\/h2>\t\t\t\t<\/div>\n\t\t\t\t<\/div>\n\t\t\t\t<div class=\"elementor-element elementor-element-7390daa elementor-widget elementor-widget-text-editor\" data-id=\"7390daa\" data-element_type=\"widget\" data-e-type=\"widget\" data-widget_type=\"text-editor.default\">\n\t\t\t\t<div class=\"elementor-widget-container\">\n\t\t\t\t\t\t\t\t\t<p>Une option de service traiteur parfaite pour les petits groupes et pour satisfaire<br \/>les go\u00fbts individuels pour les r\u00e9unions, les d\u00e9jeuners de bureau et les fonctions<br \/>scolaires. Notre Bo\u00eete \u00e0 Lunch peut \u00eatre personnalis\u00e9e avec une combinaison<br \/>de nos sandwichs fra\u00eechement pr\u00e9par\u00e9s, des croustilles et un biscuit.<br \/>Une boisson peut \u00eatre ajout\u00e9e pour un co\u00fbt suppl\u00e9mentaire.<\/p>\t\t\t\t\t\t\t\t<\/div>\n\t\t\t\t<\/div>\n\t\t\t\t\t<\/div>\n\t\t<\/div>\n\t\t\t\t\t<\/div>\n\t\t<\/section>\n\t\t\t\t<\/div>\n\t\t","protected":false},"excerpt":{"rendered":"<p>Service de traiteur Dagwoods On vous a port\u00e9 \u00ab\u00a0volontaire\u00a0\u00bb pour organiser une petite rencontre? Rien de plus facile! Que ce soit pour une r\u00e9union de bureau, un \u00e9v\u00e9nement sportif ou une c\u00e9l\u00e9bration en famille, notre service de traiteur vous propose un splendide menu de sandwichs, de salades et de desserts. Passez votre commande en ligne! [&hellip;]<\/p>\n","protected":false},"author":1,"featured_media":0,"parent":0,"menu_order":0,"comment_status":"closed","ping_status":"closed","template":"","meta":{"_acf_changed":false,"footnotes":""},"class_list":["post-4123","page","type-page","status-publish","hentry"],"acf":[],"_links":{"self":[{"href":"https:\/\/dagwoods.ca\/fr\/wp-json\/wp\/v2\/pages\/4123","targetHints":{"allow":["GET"]}}],"collection":[{"href":"https:\/\/dagwoods.ca\/fr\/wp-json\/wp\/v2\/pages"}],"about":[{"href":"https:\/\/dagwoods.ca\/fr\/wp-json\/wp\/v2\/types\/page"}],"author":[{"embeddable":true,"href":"https:\/\/dagwoods.ca\/fr\/wp-json\/wp\/v2\/users\/1"}],"replies":[{"embeddable":true,"href":"https:\/\/dagwoods.ca\/fr\/wp-json\/wp\/v2\/comments?post=4123"}],"version-history":[{"count":5,"href":"https:\/\/dagwoods.ca\/fr\/wp-json\/wp\/v2\/pages\/4123\/revisions"}],"predecessor-version":[{"id":12587,"href":"https:\/\/dagwoods.ca\/fr\/wp-json\/wp\/v2\/pages\/4123\/revisions\/12587"}],"wp:attachment":[{"href":"https:\/\/dagwoods.ca\/fr\/wp-json\/wp\/v2\/media?parent=4123"}],"curies":[{"name":"wp","href":"https:\/\/api.w.org\/{rel}","templated":true}]}}