{"id":17743,"date":"2025-10-08T19:09:07","date_gmt":"2025-10-08T19:09:07","guid":{"rendered":"https:\/\/dagwoods.ca\/promotions\/"},"modified":"2025-10-08T20:36:51","modified_gmt":"2025-10-08T20:36:51","slug":"promotions","status":"publish","type":"page","link":"https:\/\/dagwoods.ca\/fr\/promotions\/","title":{"rendered":"Promotions"},"content":{"rendered":"\t\t<div data-elementor-type=\"wp-page\" data-elementor-id=\"17743\" class=\"elementor elementor-17743 elementor-17706\" data-elementor-post-type=\"page\">\n\t\t\t\t<div class=\"elementor-element elementor-element-a525997 e-flex e-con-boxed e-con e-parent\" data-id=\"a525997\" data-element_type=\"container\" data-e-type=\"container\">\n\t\t\t\t\t<div class=\"e-con-inner\">\n\t\t\t\t<div class=\"elementor-element elementor-element-74e8a54 elementor-widget elementor-widget-heading\" data-id=\"74e8a54\" data-element_type=\"widget\" data-e-type=\"widget\" data-widget_type=\"heading.default\">\n\t\t\t\t<div class=\"elementor-widget-container\">\n\t\t\t\t\t<h1 class=\"elementor-heading-title elementor-size-default\">Promotions Dagwoods<\/h1>\t\t\t\t<\/div>\n\t\t\t\t<\/div>\n\t\t\t\t\t<\/div>\n\t\t\t\t<\/div>\n\t\t<div class=\"elementor-element elementor-element-6561890 e-flex e-con-boxed e-con e-parent\" data-id=\"6561890\" data-element_type=\"container\" data-e-type=\"container\">\n\t\t\t\t\t<div class=\"e-con-inner\">\n\t\t\t\t<div class=\"elementor-element elementor-element-ccff95a elementor-grid-2 elementor-grid-tablet-2 elementor-grid-mobile-1 elementor-widget elementor-widget-loop-grid\" data-id=\"ccff95a\" data-element_type=\"widget\" data-e-type=\"widget\" data-settings=\"{&quot;template_id&quot;:17724,&quot;columns&quot;:2,&quot;_skin&quot;:&quot;post&quot;,&quot;columns_tablet&quot;:&quot;2&quot;,&quot;columns_mobile&quot;:&quot;1&quot;,&quot;edit_handle_selector&quot;:&quot;[data-elementor-type=\\&quot;loop-item\\&quot;]&quot;,&quot;row_gap&quot;:{&quot;unit&quot;:&quot;px&quot;,&quot;size&quot;:&quot;&quot;,&quot;sizes&quot;:[]},&quot;row_gap_tablet&quot;:{&quot;unit&quot;:&quot;px&quot;,&quot;size&quot;:&quot;&quot;,&quot;sizes&quot;:[]},&quot;row_gap_mobile&quot;:{&quot;unit&quot;:&quot;px&quot;,&quot;size&quot;:&quot;&quot;,&quot;sizes&quot;:[]}}\" data-widget_type=\"loop-grid.post\">\n\t\t\t\t<div class=\"elementor-widget-container\">\n\t\t\t\t\t\t\t<div class=\"elementor-loop-container elementor-grid\" role=\"list\">\n\t\t<style id=\"loop-17724\">.elementor-17724 .elementor-element.elementor-element-1a91853{--display:flex;}.elementor-widget-image .widget-image-caption{color:var( --e-global-color-text );font-family:var( --e-global-typography-text-font-family ), Sans-serif;font-weight:var( --e-global-typography-text-font-weight );}.elementor-widget-heading .elementor-heading-title{font-family:var( --e-global-typography-primary-font-family ), Sans-serif;font-weight:var( --e-global-typography-primary-font-weight );color:var( --e-global-color-primary );}.elementor-17724 .elementor-element.elementor-element-5fad17b .elementor-heading-title{font-family:\"Libre Franklin\", Sans-serif;font-weight:700;text-transform:uppercase;color:var( --e-global-color-secondary );}.elementor-widget-text-editor{font-family:var( --e-global-typography-text-font-family ), Sans-serif;font-weight:var( --e-global-typography-text-font-weight );color:var( --e-global-color-text );}.elementor-widget-text-editor.elementor-drop-cap-view-stacked .elementor-drop-cap{background-color:var( --e-global-color-primary );}.elementor-widget-text-editor.elementor-drop-cap-view-framed .elementor-drop-cap, .elementor-widget-text-editor.elementor-drop-cap-view-default .elementor-drop-cap{color:var( --e-global-color-primary );border-color:var( --e-global-color-primary );}.elementor-17724 .elementor-element.elementor-element-c64b031{color:var( --e-global-color-secondary );}.elementor-17724 .elementor-element.elementor-element-4e02c66{--display:flex;--flex-direction:row;--container-widget-width:calc( ( 1 - var( --container-widget-flex-grow ) ) * 100% );--container-widget-height:100%;--container-widget-flex-grow:1;--container-widget-align-self:stretch;--flex-wrap-mobile:wrap;--justify-content:flex-start;--align-items:center;--padding-top:0px;--padding-bottom:0px;--padding-left:0px;--padding-right:0px;}.elementor-widget-button .elementor-button{font-family:var( --e-global-typography-accent-font-family ), Sans-serif;font-weight:var( --e-global-typography-accent-font-weight );background-color:var( --e-global-color-accent );}.elementor-17724 .elementor-element.elementor-element-441e069 .elementor-button{font-family:\"Libre Franklin\", Sans-serif;font-weight:500;text-transform:uppercase;background-color:var( --e-global-color-536388d );border-style:solid;border-width:1px 1px 1px 1px;border-color:var( --e-global-color-536388d );border-radius:100px 100px 100px 100px;}.elementor-17724 .elementor-element.elementor-element-a9706b9 .elementor-button{font-family:\"Libre Franklin\", Sans-serif;font-weight:500;text-transform:uppercase;fill:var( --e-global-color-536388d );color:var( --e-global-color-536388d );background-color:#61CE7000;border-style:solid;border-width:1px 1px 1px 1px;border-color:var( --e-global-color-536388d );border-radius:100px 100px 100px 100px;}<\/style>\t\t<div data-elementor-type=\"loop-item\" data-elementor-id=\"17724\" class=\"elementor elementor-17724 e-loop-item e-loop-item-17741 post-17741 promotions-ads type-promotions-ads status-publish hentry\" data-elementor-post-type=\"elementor_library\" data-custom-edit-handle=\"1\">\n\t\t\t<div class=\"elementor-element elementor-element-1a91853 e-flex e-con-boxed e-con e-parent\" data-id=\"1a91853\" data-element_type=\"container\" data-e-type=\"container\">\n\t\t\t\t\t<div class=\"e-con-inner\">\n\t\t\t\t<div class=\"elementor-element elementor-element-5551459 elementor-widget elementor-widget-image\" data-id=\"5551459\" data-element_type=\"widget\" data-e-type=\"widget\" data-widget_type=\"image.default\">\n\t\t\t\t<div class=\"elementor-widget-container\">\n\t\t\t\t\t\t\t\t\t\t\t\t\t\t\t<img fetchpriority=\"high\" decoding=\"async\" width=\"800\" height=\"534\" src=\"https:\/\/dagwoods.ca\/wp-content\/uploads\/2025\/10\/DW25_NAT_003_LTO_FOCCACIA_WEB_1200x800_OCT25_v2-1024x683.jpg\" class=\"attachment-large size-large wp-image-17747\" alt=\"\" srcset=\"https:\/\/dagwoods.ca\/wp-content\/uploads\/2025\/10\/DW25_NAT_003_LTO_FOCCACIA_WEB_1200x800_OCT25_v2-1024x683.jpg 1024w, https:\/\/dagwoods.ca\/wp-content\/uploads\/2025\/10\/DW25_NAT_003_LTO_FOCCACIA_WEB_1200x800_OCT25_v2-300x200.jpg 300w, https:\/\/dagwoods.ca\/wp-content\/uploads\/2025\/10\/DW25_NAT_003_LTO_FOCCACIA_WEB_1200x800_OCT25_v2-768x512.jpg 768w, https:\/\/dagwoods.ca\/wp-content\/uploads\/2025\/10\/DW25_NAT_003_LTO_FOCCACIA_WEB_1200x800_OCT25_v2.jpg 1200w\" sizes=\"(max-width: 800px) 100vw, 800px\" \/>\t\t\t\t\t\t\t\t\t\t\t\t\t\t\t<\/div>\n\t\t\t\t<\/div>\n\t\t\t\t<div class=\"elementor-element elementor-element-5fad17b elementor-widget elementor-widget-heading\" data-id=\"5fad17b\" data-element_type=\"widget\" data-e-type=\"widget\" data-widget_type=\"heading.default\">\n\t\t\t\t<div class=\"elementor-widget-container\">\n\t\t\t\t\t<h2 class=\"elementor-heading-title elementor-size-default\">Une twist Focaccia<\/h2>\t\t\t\t<\/div>\n\t\t\t\t<\/div>\n\t\t\t\t<div class=\"elementor-element elementor-element-c64b031 elementor-widget elementor-widget-text-editor\" data-id=\"c64b031\" data-element_type=\"widget\" data-e-type=\"widget\" data-widget_type=\"text-editor.default\">\n\t\t\t\t<div class=\"elementor-widget-container\">\n\t\t\t\t\t\t\t\t\tNouveau chez Dagwoods : une twist focaccia d\u00e9bordante de saveurs! Choisissez entre mortadelle &amp; tapenade bomba ou prosciutto &amp; pesto, press\u00e9 chaud sur pain focaccia. Offerts pour un temps limit\u00e9, en restaurant, pour emporter ou en ligne. Faites vite avant que ce soit fini!   \t\t\t\t\t\t\t\t<\/div>\n\t\t\t\t<\/div>\n\t\t<div class=\"elementor-element elementor-element-4e02c66 e-con-full e-flex e-con e-child\" data-id=\"4e02c66\" data-element_type=\"container\" data-e-type=\"container\">\n\t\t\t\t<div class=\"elementor-element elementor-element-441e069 elementor-widget elementor-widget-button\" data-id=\"441e069\" data-element_type=\"widget\" data-e-type=\"widget\" data-widget_type=\"button.default\">\n\t\t\t\t<div class=\"elementor-widget-container\">\n\t\t\t\t\t\t\t\t\t<div class=\"elementor-button-wrapper\">\n\t\t\t\t\t<a class=\"elementor-button elementor-button-link elementor-size-sm\" href=\"https:\/\/dagwoods.order-online.ai\/\">\n\t\t\t\t\t\t<span class=\"elementor-button-content-wrapper\">\n\t\t\t\t\t\t\t\t\t<span class=\"elementor-button-text\">Commandez maintenant !<\/span>\n\t\t\t\t\t<\/span>\n\t\t\t\t\t<\/a>\n\t\t\t\t<\/div>\n\t\t\t\t\t\t\t\t<\/div>\n\t\t\t\t<\/div>\n\t\t\t\t<div class=\"elementor-element elementor-element-a9706b9 elementor-widget elementor-widget-button\" data-id=\"a9706b9\" data-element_type=\"widget\" data-e-type=\"widget\" data-widget_type=\"button.default\">\n\t\t\t\t<div class=\"elementor-widget-container\">\n\t\t\t\t\t\t\t\t\t<div class=\"elementor-button-wrapper\">\n\t\t\t\t\t<a class=\"elementor-button elementor-button-link elementor-size-sm\" href=\"https:\/\/dagwoods.ca\/locations\/\">\n\t\t\t\t\t\t<span class=\"elementor-button-content-wrapper\">\n\t\t\t\t\t\t\t\t\t<span class=\"elementor-button-text\">Trouver un restaurant<\/span>\n\t\t\t\t\t<\/span>\n\t\t\t\t\t<\/a>\n\t\t\t\t<\/div>\n\t\t\t\t\t\t\t\t<\/div>\n\t\t\t\t<\/div>\n\t\t\t\t<\/div>\n\t\t\t\t\t<\/div>\n\t\t\t\t<\/div>\n\t\t\t\t<\/div>\n\t\t\t\t<div data-elementor-type=\"loop-item\" data-elementor-id=\"17724\" class=\"elementor elementor-17724 e-loop-item e-loop-item-17742 post-17742 promotions-ads type-promotions-ads status-publish hentry\" data-elementor-post-type=\"elementor_library\" data-custom-edit-handle=\"1\">\n\t\t\t<div class=\"elementor-element elementor-element-1a91853 e-flex e-con-boxed e-con e-parent\" data-id=\"1a91853\" data-element_type=\"container\" data-e-type=\"container\">\n\t\t\t\t\t<div class=\"e-con-inner\">\n\t\t\t\t<div class=\"elementor-element elementor-element-5551459 elementor-widget elementor-widget-image\" data-id=\"5551459\" data-element_type=\"widget\" data-e-type=\"widget\" data-widget_type=\"image.default\">\n\t\t\t\t<div class=\"elementor-widget-container\">\n\t\t\t\t\t\t\t\t\t\t\t\t\t\t\t<img decoding=\"async\" width=\"800\" height=\"534\" data-src=\"https:\/\/dagwoods.ca\/wp-content\/uploads\/2025\/10\/Fraichement-tranche-1024x683.jpg\" class=\"attachment-large size-large wp-image-17749 lazyload\" alt=\"\" data-srcset=\"https:\/\/dagwoods.ca\/wp-content\/uploads\/2025\/10\/Fraichement-tranche-1024x683.jpg 1024w, https:\/\/dagwoods.ca\/wp-content\/uploads\/2025\/10\/Fraichement-tranche-300x200.jpg 300w, https:\/\/dagwoods.ca\/wp-content\/uploads\/2025\/10\/Fraichement-tranche-768x512.jpg 768w, https:\/\/dagwoods.ca\/wp-content\/uploads\/2025\/10\/Fraichement-tranche.jpg 1200w\" data-sizes=\"(max-width: 800px) 100vw, 800px\" src=\"data:image\/svg+xml;base64,PHN2ZyB3aWR0aD0iMSIgaGVpZ2h0PSIxIiB4bWxucz0iaHR0cDovL3d3dy53My5vcmcvMjAwMC9zdmciPjwvc3ZnPg==\" style=\"--smush-placeholder-width: 800px; --smush-placeholder-aspect-ratio: 800\/534;\" \/>\t\t\t\t\t\t\t\t\t\t\t\t\t\t\t<\/div>\n\t\t\t\t<\/div>\n\t\t\t\t<div class=\"elementor-element elementor-element-5fad17b elementor-widget elementor-widget-heading\" data-id=\"5fad17b\" data-element_type=\"widget\" data-e-type=\"widget\" data-widget_type=\"heading.default\">\n\t\t\t\t<div class=\"elementor-widget-container\">\n\t\t\t\t\t<h2 class=\"elementor-heading-title elementor-size-default\">Offres pour les membres R\u00e9compenses DAGS<\/h2>\t\t\t\t<\/div>\n\t\t\t\t<\/div>\n\t\t\t\t<div class=\"elementor-element elementor-element-c64b031 elementor-widget elementor-widget-text-editor\" data-id=\"c64b031\" data-element_type=\"widget\" data-e-type=\"widget\" data-widget_type=\"text-editor.default\">\n\t\t\t\t<div class=\"elementor-widget-container\">\n\t\t\t\t\t\t\t\t\tEn rejoignant le programme r\u00e9compenses Dags, transforme chaque visite chez Dagwoods en une exp\u00e9rience encore plus savoureuse. L\u2019inscription est gratuite et te donne acc\u00e8s \u00e0 des avantages exclusifs. Cr\u00e9e ton compte d\u00e8s maintenant et connecte-toi pour d\u00e9couvrir toutes les offres en cours.\t\t\t\t\t\t\t\t<\/div>\n\t\t\t\t<\/div>\n\t\t<div class=\"elementor-element elementor-element-4e02c66 e-con-full e-flex e-con e-child\" data-id=\"4e02c66\" data-element_type=\"container\" data-e-type=\"container\">\n\t\t\t\t<div class=\"elementor-element elementor-element-441e069 elementor-widget elementor-widget-button\" data-id=\"441e069\" data-element_type=\"widget\" data-e-type=\"widget\" data-widget_type=\"button.default\">\n\t\t\t\t<div class=\"elementor-widget-container\">\n\t\t\t\t\t\t\t\t\t<div class=\"elementor-button-wrapper\">\n\t\t\t\t\t<a class=\"elementor-button elementor-button-link elementor-size-sm\" href=\"https:\/\/rewards.dagwoods.ca\/\">\n\t\t\t\t\t\t<span class=\"elementor-button-content-wrapper\">\n\t\t\t\t\t\t\t\t\t<span class=\"elementor-button-text\">M\u2019abonner maintenant !<\/span>\n\t\t\t\t\t<\/span>\n\t\t\t\t\t<\/a>\n\t\t\t\t<\/div>\n\t\t\t\t\t\t\t\t<\/div>\n\t\t\t\t<\/div>\n\t\t\t\t<\/div>\n\t\t\t\t\t<\/div>\n\t\t\t\t<\/div>\n\t\t\t\t<\/div>\n\t\t\t\t<\/div>\n\t\t\n\t\t\t\t\t\t<\/div>\n\t\t\t\t<\/div>\n\t\t\t\t\t<\/div>\n\t\t\t\t<\/div>\n\t\t\t\t<\/div>\n\t\t","protected":false},"excerpt":{"rendered":"<p>Promotions Dagwoods<\/p>\n","protected":false},"author":1,"featured_media":0,"parent":0,"menu_order":0,"comment_status":"closed","ping_status":"closed","template":"elementor_header_footer","meta":{"_acf_changed":false,"footnotes":""},"class_list":["post-17743","page","type-page","status-publish","hentry"],"acf":[],"_links":{"self":[{"href":"https:\/\/dagwoods.ca\/fr\/wp-json\/wp\/v2\/pages\/17743","targetHints":{"allow":["GET"]}}],"collection":[{"href":"https:\/\/dagwoods.ca\/fr\/wp-json\/wp\/v2\/pages"}],"about":[{"href":"https:\/\/dagwoods.ca\/fr\/wp-json\/wp\/v2\/types\/page"}],"author":[{"embeddable":true,"href":"https:\/\/dagwoods.ca\/fr\/wp-json\/wp\/v2\/users\/1"}],"replies":[{"embeddable":true,"href":"https:\/\/dagwoods.ca\/fr\/wp-json\/wp\/v2\/comments?post=17743"}],"version-history":[{"count":1,"href":"https:\/\/dagwoods.ca\/fr\/wp-json\/wp\/v2\/pages\/17743\/revisions"}],"predecessor-version":[{"id":17744,"href":"https:\/\/dagwoods.ca\/fr\/wp-json\/wp\/v2\/pages\/17743\/revisions\/17744"}],"wp:attachment":[{"href":"https:\/\/dagwoods.ca\/fr\/wp-json\/wp\/v2\/media?parent=17743"}],"curies":[{"name":"wp","href":"https:\/\/api.w.org\/{rel}","templated":true}]}}